{"id":9,"date":"2021-04-05T19:41:39","date_gmt":"2021-04-05T19:41:39","guid":{"rendered":"http:\/\/rbuzeta.cl\/?page_id=9"},"modified":"2024-07-10T18:57:06","modified_gmt":"2024-07-10T18:57:06","slug":"home","status":"publish","type":"page","link":"https:\/\/rbuzeta.cl\/rbg\/","title":{"rendered":"Home"},"content":{"rendered":"\t\t<div data-elementor-type=\"wp-page\" data-elementor-id=\"9\" class=\"elementor elementor-9\" data-elementor-settings=\"[]\">\n\t\t\t\t\t\t\t<div class=\"elementor-section-wrap\">\n\t\t\t\t\t\t\t<section class=\"elementor-section elementor-top-section elementor-element elementor-element-1df4efd7 elementor-section-content-top elementor-section-boxed elementor-section-height-default elementor-section-height-default\" data-id=\"1df4efd7\" data-element_type=\"section\" data-settings=\"{&quot;background_background&quot;:&quot;classic&quot;,&quot;shape_divider_bottom&quot;:&quot;opacity-tilt&quot;}\">\n\t\t\t\t\t<div class=\"elementor-shape elementor-shape-bottom\" data-negative=\"false\">\n\t\t\t<svg xmlns=\"http:\/\/www.w3.org\/2000\/svg\" viewBox=\"0 0 2600 131.1\" preserveAspectRatio=\"none\">\n\t<path class=\"elementor-shape-fill\" d=\"M0 0L2600 0 2600 69.1 0 0z\"\/>\n\t<path class=\"elementor-shape-fill\" style=\"opacity:0.5\" d=\"M0 0L2600 0 2600 69.1 0 69.1z\"\/>\n\t<path class=\"elementor-shape-fill\" style=\"opacity:0.25\" d=\"M2600 0L0 0 0 130.1 2600 69.1z\"\/>\n<\/svg>\t\t<\/div>\n\t\t\t\t\t<div class=\"elementor-container elementor-column-gap-no\">\n\t\t\t\t\t<div class=\"elementor-column elementor-col-50 elementor-top-column elementor-element elementor-element-4e93b3ad\" data-id=\"4e93b3ad\" data-element_type=\"column\" data-settings=\"{&quot;background_background&quot;:&quot;classic&quot;}\">\n\t\t\t<div class=\"elementor-widget-wrap elementor-element-populated\">\n\t\t\t\t\t\t\t\t<section class=\"elementor-section elementor-inner-section elementor-element elementor-element-138fcfde elementor-section-boxed elementor-section-height-default elementor-section-height-default\" data-id=\"138fcfde\" data-element_type=\"section\">\n\t\t\t\t\t\t<div class=\"elementor-container elementor-column-gap-no\">\n\t\t\t\t\t<div class=\"elementor-column elementor-col-100 elementor-inner-column elementor-element elementor-element-6eadcc80\" data-id=\"6eadcc80\" data-element_type=\"column\" data-settings=\"{&quot;background_background&quot;:&quot;classic&quot;}\">\n\t\t\t<div class=\"elementor-widget-wrap elementor-element-populated\">\n\t\t\t\t\t\t\t\t<div class=\"elementor-element elementor-element-981c3f0 elementor-widget elementor-widget-heading\" data-id=\"981c3f0\" data-element_type=\"widget\" data-widget_type=\"heading.default\">\n\t\t\t\t<div class=\"elementor-widget-container\">\n\t\t\t<h1 class=\"elementor-heading-title elementor-size-default\">RAFAEL BUZETA CORREDORES DE SEGURO Y COMPA\u00d1IA.<\/h1>\t\t<\/div>\n\t\t\t\t<\/div>\n\t\t\t\t<div class=\"elementor-element elementor-element-4dc3ffa elementor-widget elementor-widget-image\" data-id=\"4dc3ffa\" data-element_type=\"widget\" data-widget_type=\"image.default\">\n\t\t\t\t<div class=\"elementor-widget-container\">\n\t\t\t\t\t<div class=\"elementor-image\">\n\t\t\t\t\t\t\t\t\t\t<img width=\"511\" height=\"481\" src=\"https:\/\/rbuzeta.cl\/rbg\/wp-content\/uploads\/2021\/04\/LOGO-Buzeta.jpg\" class=\"attachment-large size-large\" alt=\"\" loading=\"lazy\" srcset=\"https:\/\/rbuzeta.cl\/rbg\/wp-content\/uploads\/2021\/04\/LOGO-Buzeta.jpg 511w, https:\/\/rbuzeta.cl\/rbg\/wp-content\/uploads\/2021\/04\/LOGO-Buzeta-300x282.jpg 300w\" sizes=\"(max-width: 511px) 100vw, 511px\" \/>\t\t\t\t\t\t\t\t\t\t\t<\/div>\n\t\t\t\t<\/div>\n\t\t\t\t<\/div>\n\t\t\t\t\t<\/div>\n\t\t<\/div>\n\t\t\t\t\t\t\t<\/div>\n\t\t<\/section>\n\t\t\t\t<div class=\"elementor-element elementor-element-f08c6c9 elementor-widget elementor-widget-heading\" data-id=\"f08c6c9\" data-element_type=\"widget\" data-widget_type=\"heading.default\">\n\t\t\t\t<div class=\"elementor-widget-container\">\n\t\t\t<div class=\"elementor-heading-title elementor-size-default\">Direcci\u00f3n: Marchant Pereira N\u00b0367 Oficina 606, Providencia<br><br>Tel\u00e9fono: +562 2466 5947<br>contacto@rbuzeta.cl<\/div>\t\t<\/div>\n\t\t\t\t<\/div>\n\t\t\t\t\t<\/div>\n\t\t<\/div>\n\t\t\t\t<div class=\"elementor-column elementor-col-50 elementor-top-column elementor-element elementor-element-595ab629\" data-id=\"595ab629\" data-element_type=\"column\">\n\t\t\t<div class=\"elementor-widget-wrap elementor-element-populated\">\n\t\t\t\t\t\t\t\t<div class=\"elementor-element elementor-element-6fdeee9a elementor-hidden-phone elementor-widget elementor-widget-image\" data-id=\"6fdeee9a\" data-element_type=\"widget\" data-widget_type=\"image.default\">\n\t\t\t\t<div class=\"elementor-widget-container\">\n\t\t\t\t\t<div class=\"elementor-image\">\n\t\t\t\t\t\t\t\t\t\t<img width=\"300\" height=\"300\" src=\"https:\/\/rbuzeta.cl\/rbg\/wp-content\/uploads\/2021\/04\/rafa-300x300.jpeg\" class=\"attachment-medium size-medium\" alt=\"\" loading=\"lazy\" srcset=\"https:\/\/rbuzeta.cl\/rbg\/wp-content\/uploads\/2021\/04\/rafa-300x300.jpeg 300w, https:\/\/rbuzeta.cl\/rbg\/wp-content\/uploads\/2021\/04\/rafa-150x150.jpeg 150w, https:\/\/rbuzeta.cl\/rbg\/wp-content\/uploads\/2021\/04\/rafa.jpeg 640w\" sizes=\"(max-width: 300px) 100vw, 300px\" \/>\t\t\t\t\t\t\t\t\t\t\t<\/div>\n\t\t\t\t<\/div>\n\t\t\t\t<\/div>\n\t\t\t\t<div class=\"elementor-element elementor-element-0ca5306 elementor-widget elementor-widget-heading\" data-id=\"0ca5306\" data-element_type=\"widget\" data-widget_type=\"heading.default\">\n\t\t\t\t<div class=\"elementor-widget-container\">\n\t\t\t<div class=\"elementor-heading-title elementor-size-default\"><b>RBG CORREDORES DE SEGUROS<\/b>, es una empresa con m\u00e1s de 20 a\u00f1os en el Mercado asegurador, de gran experiencia, solvencia y prestigio.<br>\nHola, soy Rafael Buzeta G. , Corredor de seguros y estoy ac\u00e1 para ayudar y orientarte en  tomar una buena decisi\u00f3n para tus Seguros. <br>\nCuenta conmigo, pues yo te puedo asesorar, otorgando un servicio personalizado y basado en la experiencia de m\u00e1s de 30 a\u00f1os, siendo mis or\u00edgenes como Liquidador de Seguros y hoy en d\u00eda como Corredor de seguros.<br>\nContamos con un equipo dispuesto a ayudar y entender tus necesidades, como as\u00ed tambi\u00e9n a acompa\u00f1arte durante todo el proceso del siniestro hasta que recibas tu indemnizaci\u00f3n\n\nTe invito a leer nuestras sugerencias de seguros y contactarnos en aquellas en que necesites profundizar.<br>\n\nUn abrazo fraterno<br>\n\n<b>Rafael Buzeta Galvez<\/b><br><b>\nCorredor de Seguros<br><\/b><\/div>\t\t<\/div>\n\t\t\t\t<\/div>\n\t\t\t\t\t<\/div>\n\t\t<\/div>\n\t\t\t\t\t\t\t<\/div>\n\t\t<\/section>\n\t\t\t\t<section class=\"elementor-section elementor-top-section elementor-element elementor-element-33a36dd3 elementor-section-boxed elementor-section-height-default elementor-section-height-default\" data-id=\"33a36dd3\" data-element_type=\"section\" data-settings=\"{&quot;background_background&quot;:&quot;classic&quot;}\">\n\t\t\t\t\t\t<div class=\"elementor-container elementor-column-gap-default\">\n\t\t\t\t\t<div class=\"elementor-column elementor-col-100 elementor-top-column elementor-element elementor-element-564e8799\" data-id=\"564e8799\" data-element_type=\"column\">\n\t\t\t<div class=\"elementor-widget-wrap elementor-element-populated\">\n\t\t\t\t\t\t\t\t<div class=\"elementor-element elementor-element-301fae5c elementor-widget elementor-widget-heading\" data-id=\"301fae5c\" data-element_type=\"widget\" data-widget_type=\"heading.default\">\n\t\t\t\t<div class=\"elementor-widget-container\">\n\t\t\t<h2 class=\"elementor-heading-title elementor-size-default\">Nuestros Servicios en seguros<\/h2>\t\t<\/div>\n\t\t\t\t<\/div>\n\t\t\t\t<section class=\"elementor-section elementor-inner-section elementor-element elementor-element-4da1cf63 elementor-section-boxed elementor-section-height-default elementor-section-height-default\" data-id=\"4da1cf63\" data-element_type=\"section\">\n\t\t\t\t\t\t<div class=\"elementor-container elementor-column-gap-no\">\n\t\t\t\t\t<div class=\"elementor-column elementor-col-33 elementor-inner-column elementor-element elementor-element-4238342b\" data-id=\"4238342b\" data-element_type=\"column\" data-settings=\"{&quot;background_background&quot;:&quot;classic&quot;}\">\n\t\t\t<div class=\"elementor-widget-wrap elementor-element-populated\">\n\t\t\t\t\t\t\t\t<div class=\"elementor-element elementor-element-6d801f1c elementor-widget elementor-widget-image\" data-id=\"6d801f1c\" data-element_type=\"widget\" data-widget_type=\"image.default\">\n\t\t\t\t<div class=\"elementor-widget-container\">\n\t\t\t\t\t<div class=\"elementor-image\">\n\t\t\t\t\t\t\t\t\t\t<img width=\"150\" height=\"150\" src=\"https:\/\/rbuzeta.cl\/rbg\/wp-content\/uploads\/2021\/04\/edificios_rbg-150x150.png\" class=\"attachment-thumbnail size-thumbnail\" alt=\"\" loading=\"lazy\" \/>\t\t\t\t\t\t\t\t\t\t\t<\/div>\n\t\t\t\t<\/div>\n\t\t\t\t<\/div>\n\t\t\t\t<div class=\"elementor-element elementor-element-6c52f151 elementor-widget elementor-widget-heading\" data-id=\"6c52f151\" data-element_type=\"widget\" data-widget_type=\"heading.default\">\n\t\t\t\t<div class=\"elementor-widget-container\">\n\t\t\t<h2 class=\"elementor-heading-title elementor-size-default\">Condominios y Departamentos<\/h2>\t\t<\/div>\n\t\t\t\t<\/div>\n\t\t\t\t<div class=\"elementor-element elementor-element-1a3d9937 elementor-widget elementor-widget-text-editor\" data-id=\"1a3d9937\" data-element_type=\"widget\" data-widget_type=\"text-editor.default\">\n\t\t\t\t<div class=\"elementor-widget-container\">\n\t\t\t\t\t<div class=\"elementor-text-editor elementor-clearfix\"><p>La ley 19537 obliga a que todas las Unidades de un edificio deben estar protegidas contra <span style=\"text-decoration: underline;\">todos los riesgos de Incendio<\/span> y muchos administradores sugieren no contratar la cobertura de Sismo para no encarecer los gastos comunes, sin embargo sepa, que si Usted no contrata esta Cobertura en caso de existir un Incendio de origen S\u00edsmico <span style=\"text-decoration: underline;\"><strong>no tendr\u00e1 Cobertura.<\/strong><\/span><\/p><p>Consulte sobre m\u00e1s coberturas y como quedar protegido.<\/p><\/div>\n\t\t\t\t<\/div>\n\t\t\t\t<\/div>\n\t\t\t\t\t<\/div>\n\t\t<\/div>\n\t\t\t\t<div class=\"elementor-column elementor-col-33 elementor-inner-column elementor-element elementor-element-7ce9643e\" data-id=\"7ce9643e\" data-element_type=\"column\" data-settings=\"{&quot;background_background&quot;:&quot;classic&quot;}\">\n\t\t\t<div class=\"elementor-widget-wrap elementor-element-populated\">\n\t\t\t\t\t\t\t\t<div class=\"elementor-element elementor-element-f30edbd elementor-widget elementor-widget-image\" data-id=\"f30edbd\" data-element_type=\"widget\" data-widget_type=\"image.default\">\n\t\t\t\t<div class=\"elementor-widget-container\">\n\t\t\t\t\t<div class=\"elementor-image\">\n\t\t\t\t\t\t\t\t\t\t<img width=\"150\" height=\"150\" src=\"https:\/\/rbuzeta.cl\/rbg\/wp-content\/uploads\/2021\/04\/resp_civil_rbg-150x150.png\" class=\"attachment-thumbnail size-thumbnail\" alt=\"\" loading=\"lazy\" \/>\t\t\t\t\t\t\t\t\t\t\t<\/div>\n\t\t\t\t<\/div>\n\t\t\t\t<\/div>\n\t\t\t\t<div class=\"elementor-element elementor-element-51dc05ae elementor-widget elementor-widget-heading\" data-id=\"51dc05ae\" data-element_type=\"widget\" data-widget_type=\"heading.default\">\n\t\t\t\t<div class=\"elementor-widget-container\">\n\t\t\t<h2 class=\"elementor-heading-title elementor-size-default\">Responsabilidad Civil<\/h2>\t\t<\/div>\n\t\t\t\t<\/div>\n\t\t\t\t<div class=\"elementor-element elementor-element-3b0a89dd elementor-widget elementor-widget-text-editor\" data-id=\"3b0a89dd\" data-element_type=\"widget\" data-widget_type=\"text-editor.default\">\n\t\t\t\t<div class=\"elementor-widget-container\">\n\t\t\t\t\t<div class=\"elementor-text-editor elementor-clearfix\"><p>Cada d\u00eda m\u00e1s en Chile las demandas Judiciales por lesiones corporales o da\u00f1os materiales causados a terceros han ido en aumento, como as\u00ed tambi\u00e9n los montos que dichos juicios han ocasionado en perjuicio patrimonial a las Empresas o personas.<\/p><p><strong>Prot\u00e9jase adecuadamente<\/strong><\/p><p>\u00a0<\/p><\/div>\n\t\t\t\t<\/div>\n\t\t\t\t<\/div>\n\t\t\t\t\t<\/div>\n\t\t<\/div>\n\t\t\t\t<div class=\"elementor-column elementor-col-33 elementor-inner-column elementor-element elementor-element-2ebe07b5\" data-id=\"2ebe07b5\" data-element_type=\"column\" data-settings=\"{&quot;background_background&quot;:&quot;classic&quot;}\">\n\t\t\t<div class=\"elementor-widget-wrap elementor-element-populated\">\n\t\t\t\t\t\t\t\t<div class=\"elementor-element elementor-element-2d7ed710 elementor-widget elementor-widget-image\" data-id=\"2d7ed710\" data-element_type=\"widget\" data-widget_type=\"image.default\">\n\t\t\t\t<div class=\"elementor-widget-container\">\n\t\t\t\t\t<div class=\"elementor-image\">\n\t\t\t\t\t\t\t\t\t\t<img width=\"150\" height=\"150\" src=\"https:\/\/rbuzeta.cl\/rbg\/wp-content\/uploads\/2021\/04\/empresas_rbg-150x150.png\" class=\"attachment-thumbnail size-thumbnail\" alt=\"\" loading=\"lazy\" \/>\t\t\t\t\t\t\t\t\t\t\t<\/div>\n\t\t\t\t<\/div>\n\t\t\t\t<\/div>\n\t\t\t\t<div class=\"elementor-element elementor-element-e76a5c0 elementor-widget elementor-widget-heading\" data-id=\"e76a5c0\" data-element_type=\"widget\" data-widget_type=\"heading.default\">\n\t\t\t\t<div class=\"elementor-widget-container\">\n\t\t\t<h2 class=\"elementor-heading-title elementor-size-default\">Empresas<\/h2>\t\t<\/div>\n\t\t\t\t<\/div>\n\t\t\t\t<div class=\"elementor-element elementor-element-31275406 elementor-widget elementor-widget-text-editor\" data-id=\"31275406\" data-element_type=\"widget\" data-widget_type=\"text-editor.default\">\n\t\t\t\t<div class=\"elementor-widget-container\">\n\t\t\t\t\t<div class=\"elementor-text-editor elementor-clearfix\"><p>La importancia en una buena asesor\u00eda, conocer al cliente y sus actividades permitir\u00e1 una adecuada contrataci\u00f3n de p\u00f3lizas y hacerlas m\u00e1s extensivas si es necesario. Solo a manera de detalle manejamos todos los ramos de seguros para las Empresas, Incendio, Todo Riesgo, Aver\u00eda Maquinaria, Perjuicio por Paralizaci\u00f3n, entre otros.<\/p><\/div>\n\t\t\t\t<\/div>\n\t\t\t\t<\/div>\n\t\t\t\t\t<\/div>\n\t\t<\/div>\n\t\t\t\t\t\t\t<\/div>\n\t\t<\/section>\n\t\t\t\t<div class=\"elementor-element elementor-element-e1e72ae elementor-widget-divider--view-line elementor-widget elementor-widget-divider\" data-id=\"e1e72ae\" data-element_type=\"widget\" data-widget_type=\"divider.default\">\n\t\t\t\t<div class=\"elementor-widget-container\">\n\t\t\t\t\t<div class=\"elementor-divider\">\n\t\t\t<span class=\"elementor-divider-separator\">\n\t\t\t\t\t\t<\/span>\n\t\t<\/div>\n\t\t\t\t<\/div>\n\t\t\t\t<\/div>\n\t\t\t\t<section class=\"elementor-section elementor-inner-section elementor-element elementor-element-db4e0ae elementor-section-boxed elementor-section-height-default elementor-section-height-default\" data-id=\"db4e0ae\" data-element_type=\"section\">\n\t\t\t\t\t\t<div class=\"elementor-container elementor-column-gap-no\">\n\t\t\t\t\t<div class=\"elementor-column elementor-col-25 elementor-inner-column elementor-element elementor-element-c74e284\" data-id=\"c74e284\" data-element_type=\"column\" data-settings=\"{&quot;background_background&quot;:&quot;classic&quot;}\">\n\t\t\t<div class=\"elementor-widget-wrap elementor-element-populated\">\n\t\t\t\t\t\t\t\t<div class=\"elementor-element elementor-element-15ac6e1 elementor-widget elementor-widget-image\" data-id=\"15ac6e1\" data-element_type=\"widget\" data-widget_type=\"image.default\">\n\t\t\t\t<div class=\"elementor-widget-container\">\n\t\t\t\t\t<div class=\"elementor-image\">\n\t\t\t\t\t\t\t\t\t\t<img width=\"150\" height=\"150\" src=\"https:\/\/rbuzeta.cl\/rbg\/wp-content\/uploads\/2021\/04\/creditos_rbg-150x150.png\" class=\"attachment-thumbnail size-thumbnail\" alt=\"\" loading=\"lazy\" \/>\t\t\t\t\t\t\t\t\t\t\t<\/div>\n\t\t\t\t<\/div>\n\t\t\t\t<\/div>\n\t\t\t\t<div class=\"elementor-element elementor-element-b75718c elementor-widget elementor-widget-heading\" data-id=\"b75718c\" data-element_type=\"widget\" data-widget_type=\"heading.default\">\n\t\t\t\t<div class=\"elementor-widget-container\">\n\t\t\t<h2 class=\"elementor-heading-title elementor-size-default\">Cr\u00e9ditos<\/h2>\t\t<\/div>\n\t\t\t\t<\/div>\n\t\t\t\t<div class=\"elementor-element elementor-element-511413e elementor-widget elementor-widget-text-editor\" data-id=\"511413e\" data-element_type=\"widget\" data-widget_type=\"text-editor.default\">\n\t\t\t\t<div class=\"elementor-widget-container\">\n\t\t\t\t\t<div class=\"elementor-text-editor elementor-clearfix\"><p>Esta p\u00f3liza, sobre todo hoy d\u00eda, se hace muy necesaria para cubrir\u00a0 los eventuales impagos de facturas que efectuamos a clientes que cuentan con una l\u00ednea de cr\u00e9dito en tu Empresa y que dependiendo del rubro puede llegar a recibir una indemnizaci\u00f3n por parte de la Compa\u00f1\u00eda de seguros de hasta un 90% del monto con IVA de la factura Impaga.<\/p><\/div>\n\t\t\t\t<\/div>\n\t\t\t\t<\/div>\n\t\t\t\t\t<\/div>\n\t\t<\/div>\n\t\t\t\t<div class=\"elementor-column elementor-col-25 elementor-inner-column elementor-element elementor-element-3f3dffb\" data-id=\"3f3dffb\" data-element_type=\"column\" data-settings=\"{&quot;background_background&quot;:&quot;classic&quot;}\">\n\t\t\t<div class=\"elementor-widget-wrap elementor-element-populated\">\n\t\t\t\t\t\t\t\t<div class=\"elementor-element elementor-element-103c44f elementor-widget elementor-widget-image\" data-id=\"103c44f\" data-element_type=\"widget\" data-widget_type=\"image.default\">\n\t\t\t\t<div class=\"elementor-widget-container\">\n\t\t\t\t\t<div class=\"elementor-image\">\n\t\t\t\t\t\t\t\t\t\t<img width=\"150\" height=\"150\" src=\"https:\/\/rbuzeta.cl\/rbg\/wp-content\/uploads\/2021\/04\/seg_personal_rbg-150x150.png\" class=\"attachment-thumbnail size-thumbnail\" alt=\"\" loading=\"lazy\" \/>\t\t\t\t\t\t\t\t\t\t\t<\/div>\n\t\t\t\t<\/div>\n\t\t\t\t<\/div>\n\t\t\t\t<div class=\"elementor-element elementor-element-48e14ec elementor-widget elementor-widget-heading\" data-id=\"48e14ec\" data-element_type=\"widget\" data-widget_type=\"heading.default\">\n\t\t\t\t<div class=\"elementor-widget-container\">\n\t\t\t<h2 class=\"elementor-heading-title elementor-size-default\">Personales<\/h2>\t\t<\/div>\n\t\t\t\t<\/div>\n\t\t\t\t<div class=\"elementor-element elementor-element-a04221f elementor-widget elementor-widget-text-editor\" data-id=\"a04221f\" data-element_type=\"widget\" data-widget_type=\"text-editor.default\">\n\t\t\t\t<div class=\"elementor-widget-container\">\n\t\t\t\t\t<div class=\"elementor-text-editor elementor-clearfix\"><p>Intermediamos en seguros de personas todos los que puedas necesitar:<\/p><ul><li>Seguro de veh\u00edculos<\/li><li>Seguro de Incendio<\/li><li>Seguros de salud<\/li><li>Seguros de Responsabilidad Civil<\/li><\/ul><\/div>\n\t\t\t\t<\/div>\n\t\t\t\t<\/div>\n\t\t\t\t\t<\/div>\n\t\t<\/div>\n\t\t\t\t<div class=\"elementor-column elementor-col-25 elementor-inner-column elementor-element elementor-element-65852b1\" data-id=\"65852b1\" data-element_type=\"column\" data-settings=\"{&quot;background_background&quot;:&quot;classic&quot;}\">\n\t\t\t<div class=\"elementor-widget-wrap elementor-element-populated\">\n\t\t\t\t\t\t\t\t<div class=\"elementor-element elementor-element-b9fd3ef elementor-widget elementor-widget-image\" data-id=\"b9fd3ef\" data-element_type=\"widget\" data-widget_type=\"image.default\">\n\t\t\t\t<div class=\"elementor-widget-container\">\n\t\t\t\t\t<div class=\"elementor-image\">\n\t\t\t\t\t\t\t\t\t\t<img width=\"300\" height=\"202\" src=\"https:\/\/rbuzeta.cl\/rbg\/wp-content\/uploads\/2021\/04\/FFAA_RBG-300x202.png\" class=\"attachment-medium size-medium\" alt=\"\" loading=\"lazy\" srcset=\"https:\/\/rbuzeta.cl\/rbg\/wp-content\/uploads\/2021\/04\/FFAA_RBG-300x202.png 300w, https:\/\/rbuzeta.cl\/rbg\/wp-content\/uploads\/2021\/04\/FFAA_RBG.png 445w\" sizes=\"(max-width: 300px) 100vw, 300px\" \/>\t\t\t\t\t\t\t\t\t\t\t<\/div>\n\t\t\t\t<\/div>\n\t\t\t\t<\/div>\n\t\t\t\t<div class=\"elementor-element elementor-element-9ef3c68 elementor-widget elementor-widget-heading\" data-id=\"9ef3c68\" data-element_type=\"widget\" data-widget_type=\"heading.default\">\n\t\t\t\t<div class=\"elementor-widget-container\">\n\t\t\t<h2 class=\"elementor-heading-title elementor-size-default\">Hipotecarios FF.AA<\/h2>\t\t<\/div>\n\t\t\t\t<\/div>\n\t\t\t\t<div class=\"elementor-element elementor-element-da8c8ff elementor-widget elementor-widget-text-editor\" data-id=\"da8c8ff\" data-element_type=\"widget\" data-widget_type=\"text-editor.default\">\n\t\t\t\t<div class=\"elementor-widget-container\">\n\t\t\t\t\t<div class=\"elementor-text-editor elementor-clearfix\"><p>Llevamos m\u00e1s de 15 a\u00f1os administrando la Cartera Hipotecaria del Ej\u00e9rcito, tanto en Seguros de Incendio como en Seguros de Desgravamen; por lo que conocemos y hemos mejorado a lo largo del tiempo este tipo de cobertura.<\/p><\/div>\n\t\t\t\t<\/div>\n\t\t\t\t<\/div>\n\t\t\t\t\t<\/div>\n\t\t<\/div>\n\t\t\t\t<div class=\"elementor-column elementor-col-25 elementor-inner-column elementor-element elementor-element-91918e8\" data-id=\"91918e8\" data-element_type=\"column\" data-settings=\"{&quot;background_background&quot;:&quot;classic&quot;}\">\n\t\t\t<div class=\"elementor-widget-wrap elementor-element-populated\">\n\t\t\t\t\t\t\t\t<div class=\"elementor-element elementor-element-6d040e1 elementor-widget elementor-widget-image\" data-id=\"6d040e1\" data-element_type=\"widget\" data-widget_type=\"image.default\">\n\t\t\t\t<div class=\"elementor-widget-container\">\n\t\t\t\t\t<div class=\"elementor-image\">\n\t\t\t\t\t\t\t\t\t\t<img width=\"150\" height=\"150\" src=\"https:\/\/rbuzeta.cl\/rbg\/wp-content\/uploads\/2021\/04\/autos_embajadas_rbg-150x150.png\" class=\"attachment-thumbnail size-thumbnail\" alt=\"\" loading=\"lazy\" \/>\t\t\t\t\t\t\t\t\t\t\t<\/div>\n\t\t\t\t<\/div>\n\t\t\t\t<\/div>\n\t\t\t\t<div class=\"elementor-element elementor-element-7eb79d0 elementor-widget elementor-widget-heading\" data-id=\"7eb79d0\" data-element_type=\"widget\" data-widget_type=\"heading.default\">\n\t\t\t\t<div class=\"elementor-widget-container\">\n\t\t\t<h2 class=\"elementor-heading-title elementor-size-default\">Veh\u00edculos de Embajadas<\/h2>\t\t<\/div>\n\t\t\t\t<\/div>\n\t\t\t\t<div class=\"elementor-element elementor-element-3f11d45 elementor-widget elementor-widget-text-editor\" data-id=\"3f11d45\" data-element_type=\"widget\" data-widget_type=\"text-editor.default\">\n\t\t\t\t<div class=\"elementor-widget-container\">\n\t\t\t\t\t<div class=\"elementor-text-editor elementor-clearfix\"><p>Las p\u00f3lizas de veh\u00edculos en general excluyen de Cobertura el uso del autom\u00f3vil para uso Diplom\u00e1tico, por lo tanto hemos dise\u00f1ado junto con algunas de nuestras compa\u00f1\u00edas en Alianza una cobertura especial para veh\u00edculos de uso Diplom\u00e1tico.<\/p><\/div>\n\t\t\t\t<\/div>\n\t\t\t\t<\/div>\n\t\t\t\t\t<\/div>\n\t\t<\/div>\n\t\t\t\t\t\t\t<\/div>\n\t\t<\/section>\n\t\t\t\t\t<\/div>\n\t\t<\/div>\n\t\t\t\t\t\t\t<\/div>\n\t\t<\/section>\n\t\t\t\t<section class=\"elementor-section elementor-top-section elementor-element elementor-element-d3e2400 elementor-section-boxed elementor-section-height-default elementor-section-height-default\" data-id=\"d3e2400\" data-element_type=\"section\">\n\t\t\t\t\t\t<div class=\"elementor-container elementor-column-gap-default\">\n\t\t\t\t\t<div class=\"elementor-column elementor-col-100 elementor-top-column elementor-element elementor-element-e6396bb\" data-id=\"e6396bb\" data-element_type=\"column\">\n\t\t\t<div class=\"elementor-widget-wrap elementor-element-populated\">\n\t\t\t\t\t\t\t\t<div class=\"elementor-element elementor-element-4d49cc1 elementor-widget elementor-widget-text-editor\" data-id=\"4d49cc1\" data-element_type=\"widget\" data-widget_type=\"text-editor.default\">\n\t\t\t\t<div class=\"elementor-widget-container\">\n\t\t\t\t\t<div class=\"elementor-text-editor elementor-clearfix\"><h2>Contacto: Rafael Buzeta Galvez<\/h2><h2>Tel\u00e9fono: +56998264121<\/h2><h2>e-mail: rafael.buzeta@rbuzeta.cl<\/h2><\/div>\n\t\t\t\t<\/div>\n\t\t\t\t<\/div>\n\t\t\t\t\t<\/div>\n\t\t<\/div>\n\t\t\t\t\t\t\t<\/div>\n\t\t<\/section>\n\t\t\t\t<section class=\"elementor-section elementor-top-section elementor-element elementor-element-18ecc07 elementor-section-boxed elementor-section-height-default elementor-section-height-default\" data-id=\"18ecc07\" data-element_type=\"section\">\n\t\t\t\t\t\t<div class=\"elementor-container elementor-column-gap-default\">\n\t\t\t\t\t<div class=\"elementor-column elementor-col-100 elementor-top-column elementor-element elementor-element-68820e8\" data-id=\"68820e8\" data-element_type=\"column\">\n\t\t\t<div class=\"elementor-widget-wrap elementor-element-populated\">\n\t\t\t\t\t\t\t\t<div class=\"elementor-element elementor-element-fd6f4d1 elementor-widget elementor-widget-image\" data-id=\"fd6f4d1\" data-element_type=\"widget\" data-widget_type=\"image.default\">\n\t\t\t\t<div class=\"elementor-widget-container\">\n\t\t\t\t\t<div class=\"elementor-image\">\n\t\t\t\t\t\t\t\t\t\t<img width=\"1024\" height=\"260\" src=\"https:\/\/rbuzeta.cl\/rbg\/wp-content\/uploads\/2021\/04\/alianzas_updt-1024x260.png\" class=\"attachment-large size-large\" alt=\"\" loading=\"lazy\" srcset=\"https:\/\/rbuzeta.cl\/rbg\/wp-content\/uploads\/2021\/04\/alianzas_updt-1024x260.png 1024w, https:\/\/rbuzeta.cl\/rbg\/wp-content\/uploads\/2021\/04\/alianzas_updt-300x76.png 300w, https:\/\/rbuzeta.cl\/rbg\/wp-content\/uploads\/2021\/04\/alianzas_updt-768x195.png 768w, https:\/\/rbuzeta.cl\/rbg\/wp-content\/uploads\/2021\/04\/alianzas_updt-1536x391.png 1536w, https:\/\/rbuzeta.cl\/rbg\/wp-content\/uploads\/2021\/04\/alianzas_updt.png 1864w\" sizes=\"(max-width: 1024px) 100vw, 1024px\" \/>\t\t\t\t\t\t\t\t\t\t\t<\/div>\n\t\t\t\t<\/div>\n\t\t\t\t<\/div>\n\t\t\t\t\t<\/div>\n\t\t<\/div>\n\t\t\t\t\t\t\t<\/div>\n\t\t<\/section>\n\t\t\t\t\t\t<\/div>\n\t\t\t\t\t<\/div>\n\t\t","protected":false},"excerpt":{"rendered":"<p>RAFAEL BUZETA CORREDORES DE SEGURO Y COMPA\u00d1IA. Direcci\u00f3n: Marchant Pereira N\u00b0367 Oficina 606, Providencia Tel\u00e9fono: +562 2466 5947contacto@rbuzeta.cl RBG CORREDORES DE SEGUROS, es una empresa con m\u00e1s de 20 a\u00f1os en el Mercado asegurador, de gran experiencia, solvencia y prestigio. Hola, soy Rafael Buzeta G. , Corredor de seguros y estoy ac\u00e1 para ayudar y [&hellip;]<\/p>\n","protected":false},"author":1,"featured_media":0,"parent":0,"menu_order":0,"comment_status":"closed","ping_status":"closed","template":"","meta":[],"_links":{"self":[{"href":"https:\/\/rbuzeta.cl\/rbg\/index.php\/wp-json\/wp\/v2\/pages\/9"}],"collection":[{"href":"https:\/\/rbuzeta.cl\/rbg\/index.php\/wp-json\/wp\/v2\/pages"}],"about":[{"href":"https:\/\/rbuzeta.cl\/rbg\/index.php\/wp-json\/wp\/v2\/types\/page"}],"author":[{"embeddable":true,"href":"https:\/\/rbuzeta.cl\/rbg\/index.php\/wp-json\/wp\/v2\/users\/1"}],"replies":[{"embeddable":true,"href":"https:\/\/rbuzeta.cl\/rbg\/index.php\/wp-json\/wp\/v2\/comments?post=9"}],"version-history":[{"count":110,"href":"https:\/\/rbuzeta.cl\/rbg\/index.php\/wp-json\/wp\/v2\/pages\/9\/revisions"}],"predecessor-version":[{"id":164,"href":"https:\/\/rbuzeta.cl\/rbg\/index.php\/wp-json\/wp\/v2\/pages\/9\/revisions\/164"}],"wp:attachment":[{"href":"https:\/\/rbuzeta.cl\/rbg\/index.php\/wp-json\/wp\/v2\/media?parent=9"}],"curies":[{"name":"wp","href":"https:\/\/api.w.org\/{rel}","templated":true}]}}